{"id":328,"date":"2021-01-13T09:36:41","date_gmt":"2021-01-13T08:36:41","guid":{"rendered":"http:\/\/www.boll-und-partner.com\/?page_id=328"},"modified":"2021-11-16T09:37:35","modified_gmt":"2021-11-16T08:37:35","slug":"bauamt-denkmalschutz-umweltamt","status":"publish","type":"page","link":"https:\/\/www.boll-und-partner.com\/bauamt-denkmalschutz-umweltamt\/","title":{"rendered":"BAUAMT, DENKMALSCHUTZ, BRANDSCHUTZ"},"content":{"rendered":"\n<div class=\"wp-block-file\"><a href=\"http:\/\/www.boll-und-partner.com\/wp-content\/uploads\/2021\/01\/xbase-bau.pdf\">Produktinformation BASE Bau 7<\/a><a href=\"http:\/\/www.boll-und-partner.com\/wp-content\/uploads\/2021\/01\/xbase-bau.pdf\" class=\"wp-block-file__button\" download>Herunterladen<\/a><\/div>\n\n\n\n<p><strong>xBASE Bau<\/strong> ist ein neu entwickeltes, innovatives Baugenehmigungsverfahren.<\/p>\n\n\n\n<p><strong>xBASE Bau<\/strong> bietet ein komfortables System f\u00fcr die Vorgangsbearbeitung und die Bescheidschreibung.<\/p>\n\n\n\n<p><strong>xBASE Bau<\/strong> integriert die Landes-Bauordnungen: F\u00fcr die einzelnen Bauordnungen, etwa die LBO BW oder die BayBO stehen L\u00e4nderversionen zur Verf\u00fcgung.<\/p>\n\n\n\n<p id=\"u984-12\"><strong>xBASE Bau<\/strong> unterst\u00fctzt den gesamten Bereich des Bau- und Umweltamtes. Neben dem Baugenehmigungsverfahren stehen Funktionen f\u00fcr das Denkmalrecht, die Wiederkehrenden Pr\u00fcfungen, den Umwelt- und Naturschutz und andere Bereiche zur Verf\u00fcgung.<\/p>\n\n\n\n<p><strong>xBASE Bau<\/strong> ist konzipiert f\u00fcr das digitale Bauamt der Zukunft: Die Digitale Bauakte ist integraler Bestandteil des Verfahrens. F\u00fcr das E-Government stehen umfangreiche Anwendungen zur Verf\u00fcgung: Online Auskunft f\u00fcr die Bauherren, Digitale \u00c4mterbeteiligung, digitale Antragsstellung, Anbindung der Gemeinden (in den Landkreisen) usw.<\/p>\n","protected":false},"excerpt":{"rendered":"<p>xBASE Bau ist ein neu entwickeltes, innovatives Baugenehmigungsverfahren. xBASE Bau bietet ein komfortables System f\u00fcr die Vorgangsbearbeitung und die Bescheidschreibung. xBASE Bau integriert die Landes-Bauordnungen: F\u00fcr die einzelnen Bauordnungen, etwa die LBO BW oder die BayBO stehen L\u00e4nderversionen zur Verf\u00fcgung. xBASE Bau unterst\u00fctzt den gesamten Bereich des Bau- und Umweltamtes. Neben dem Baugenehmigungsverfahren stehen Funktionen [&hellip;]<\/p>\n","protected":false},"author":1,"featured_media":0,"parent":0,"menu_order":0,"comment_status":"closed","ping_status":"closed","template":"","meta":{"footnotes":""},"class_list":["post-328","page","type-page","status-publish","hentry"],"_links":{"self":[{"href":"https:\/\/www.boll-und-partner.com\/wp-json\/wp\/v2\/pages\/328","targetHints":{"allow":["GET"]}}],"collection":[{"href":"https:\/\/www.boll-und-partner.com\/wp-json\/wp\/v2\/pages"}],"about":[{"href":"https:\/\/www.boll-und-partner.com\/wp-json\/wp\/v2\/types\/page"}],"author":[{"embeddable":true,"href":"https:\/\/www.boll-und-partner.com\/wp-json\/wp\/v2\/users\/1"}],"replies":[{"embeddable":true,"href":"https:\/\/www.boll-und-partner.com\/wp-json\/wp\/v2\/comments?post=328"}],"version-history":[{"count":3,"href":"https:\/\/www.boll-und-partner.com\/wp-json\/wp\/v2\/pages\/328\/revisions"}],"predecessor-version":[{"id":637,"href":"https:\/\/www.boll-und-partner.com\/wp-json\/wp\/v2\/pages\/328\/revisions\/637"}],"wp:attachment":[{"href":"https:\/\/www.boll-und-partner.com\/wp-json\/wp\/v2\/media?parent=328"}],"curies":[{"name":"wp","href":"https:\/\/api.w.org\/{rel}","templated":true}]}}