{"id":821,"date":"2022-01-13T10:15:42","date_gmt":"2022-01-13T09:15:42","guid":{"rendered":"http:\/\/www.boll-und-partner.com\/?page_id=821"},"modified":"2022-01-13T10:15:45","modified_gmt":"2022-01-13T09:15:45","slug":"stellenangebote","status":"publish","type":"page","link":"https:\/\/www.boll-und-partner.com\/stellenangebote\/","title":{"rendered":"Stellenangebote"},"content":{"rendered":"\n<p><strong>Unternehmensbeschreibung<\/strong><\/p>\n\n\n\n<p>Die Boll und Partner Software GmbH ist eine Firma aus dem Raum Frankfurt am Main. Wir entwickeln\u00a0<strong>Anwendungen f\u00fcr Kommunen<\/strong>, vor allem Stadtverwaltungen und Landkreise. Wir entwickeln L\u00f6sungen f\u00fcr die Vorgangsbearbeitung, also f\u00fcr die t\u00e4gliche Arbeit in diesen Kommunen. Dar\u00fcber hinaus kommen immer mehr Digitale Schnittstellen und\u00a0<strong>Internet-Anwendungen<\/strong>\u00a0zum Einsatz. Die\u00a0<strong>Digitalisierung<\/strong>\u00a0ist ein aktuelles Thema in allen Kommunen und bedeutet f\u00fcr uns Chancen im Markt, da wir \u00fcber entsprechende L\u00f6sungen verf\u00fcgen und einen Vorsprung gegen\u00fcber anderen Anbietern haben. Wir arbeiten u.a. f\u00fcr Bau\u00e4mter, Umwelt\u00e4mter und Fahrerlaubnisbeh\u00f6rden.<\/p>\n\n\n\n<p><strong>Wir suchen<\/strong><\/p>\n\n\n\n<p>Informatiker (m\/w\/d)<\/p>\n\n\n\n<p>Assistent der Gesch\u00e4ftsf\u00fchrung (m\/w\/d)<\/p>\n","protected":false},"excerpt":{"rendered":"<p>Unternehmensbeschreibung Die Boll und Partner Software GmbH ist eine Firma aus dem Raum Frankfurt am Main. Wir entwickeln\u00a0Anwendungen f\u00fcr Kommunen, vor allem Stadtverwaltungen und Landkreise. Wir entwickeln L\u00f6sungen f\u00fcr die Vorgangsbearbeitung, also f\u00fcr die t\u00e4gliche Arbeit in diesen Kommunen. Dar\u00fcber hinaus kommen immer mehr Digitale Schnittstellen und\u00a0Internet-Anwendungen\u00a0zum Einsatz. Die\u00a0Digitalisierung\u00a0ist ein aktuelles Thema in allen Kommunen [&hellip;]<\/p>\n","protected":false},"author":4,"featured_media":0,"parent":0,"menu_order":0,"comment_status":"closed","ping_status":"closed","template":"","meta":{"footnotes":""},"class_list":["post-821","page","type-page","status-publish","hentry"],"_links":{"self":[{"href":"https:\/\/www.boll-und-partner.com\/wp-json\/wp\/v2\/pages\/821","targetHints":{"allow":["GET"]}}],"collection":[{"href":"https:\/\/www.boll-und-partner.com\/wp-json\/wp\/v2\/pages"}],"about":[{"href":"https:\/\/www.boll-und-partner.com\/wp-json\/wp\/v2\/types\/page"}],"author":[{"embeddable":true,"href":"https:\/\/www.boll-und-partner.com\/wp-json\/wp\/v2\/users\/4"}],"replies":[{"embeddable":true,"href":"https:\/\/www.boll-und-partner.com\/wp-json\/wp\/v2\/comments?post=821"}],"version-history":[{"count":1,"href":"https:\/\/www.boll-und-partner.com\/wp-json\/wp\/v2\/pages\/821\/revisions"}],"predecessor-version":[{"id":823,"href":"https:\/\/www.boll-und-partner.com\/wp-json\/wp\/v2\/pages\/821\/revisions\/823"}],"wp:attachment":[{"href":"https:\/\/www.boll-und-partner.com\/wp-json\/wp\/v2\/media?parent=821"}],"curies":[{"name":"wp","href":"https:\/\/api.w.org\/{rel}","templated":true}]}}